{"id":78,"date":"2025-11-23T21:23:10","date_gmt":"2025-11-23T20:23:10","guid":{"rendered":"https:\/\/hyperconscience-collective.com\/?page_id=78"},"modified":"2025-11-23T21:28:05","modified_gmt":"2025-11-23T20:28:05","slug":"vincent","status":"publish","type":"page","link":"https:\/\/hyperconscience-collective.com\/?page_id=78","title":{"rendered":"VINCENT"},"content":{"rendered":"\n<h2 class=\"wp-block-heading\">L&rsquo;art de l&rsquo;avenir<\/h2>\n\n\n\n<figure class=\"wp-block-image size-full\"><img loading=\"lazy\" decoding=\"async\" width=\"730\" height=\"403\" src=\"https:\/\/hyperconscience-collective.com\/wp-content\/uploads\/2025\/11\/vincent-vs-vincent-1.jpg\" alt=\"\" class=\"wp-image-80\" srcset=\"https:\/\/hyperconscience-collective.com\/wp-content\/uploads\/2025\/11\/vincent-vs-vincent-1.jpg 730w, https:\/\/hyperconscience-collective.com\/wp-content\/uploads\/2025\/11\/vincent-vs-vincent-1-300x166.jpg 300w\" sizes=\"auto, (max-width: 730px) 100vw, 730px\" \/><\/figure>\n\n\n\n<p><strong>COTE CONFERENCIER<\/strong> et consultant, Vincent explore depuis plus de vingt ans les mutations du travail, du commerce et des organisations. Multi-entrepreneur, auteur prim\u00e9 et sp\u00e9cialiste de l\u2019entreprise du futur, il aide les dirigeants \u00e0 naviguer dans un monde o\u00f9 l\u2019humain et la technologie s\u2019entrem\u00ealent. Son approche m\u00eale anticipation, sociologie, prospective et pragmatisme op\u00e9rationnel, avec un style direct, accessible et profond\u00e9ment humaniste.<\/p>\n\n\n\n<p><strong>COTE ARTISTE,<\/strong> Vincent compose une musique \u00e9lectro-organique qui prolonge sa r\u00e9flexion sur l\u2019avenir. Ses albums conceptuels, dont celui inspir\u00e9 d\u2019AHNA, traduisent en textures sonores ce que les mots seuls n\u2019expriment pas : la tension entre m\u00e9moire, transformation et conscience augment\u00e9e. Sa cr\u00e9ation musicale n\u2019est pas un \u00e0-c\u00f4t\u00e9, mais un second langage qui \u00e9claire son travail de penseur du futur.<\/p>\n\n\n\n<p>Deux visages, une seule ligne : comprendre ce que nous devenons, et le raconter avec justesse, qu\u2019il s\u2019agisse d\u2019un concept strat\u00e9gique ou d\u2019une note de synth\u00e9.<\/p>\n","protected":false},"excerpt":{"rendered":"<p>L&rsquo;art de l&rsquo;avenir COTE CONFERENCIER et consultant, Vincent explore depuis plus de vingt ans les mutations du travail, du commerce<\/p>\n<p><a href=\"https:\/\/hyperconscience-collective.com\/?page_id=78\" class=\"more-link\">Continue reading<span class=\"screen-reader-text\">VINCENT<\/span><\/a><\/p>\n","protected":false},"author":1,"featured_media":0,"parent":0,"menu_order":0,"comment_status":"closed","ping_status":"closed","template":"","meta":{"footnotes":""},"class_list":["post-78","page","type-page","status-publish","hentry"],"_links":{"self":[{"href":"https:\/\/hyperconscience-collective.com\/index.php?rest_route=\/wp\/v2\/pages\/78","targetHints":{"allow":["GET"]}}],"collection":[{"href":"https:\/\/hyperconscience-collective.com\/index.php?rest_route=\/wp\/v2\/pages"}],"about":[{"href":"https:\/\/hyperconscience-collective.com\/index.php?rest_route=\/wp\/v2\/types\/page"}],"author":[{"embeddable":true,"href":"https:\/\/hyperconscience-collective.com\/index.php?rest_route=\/wp\/v2\/users\/1"}],"replies":[{"embeddable":true,"href":"https:\/\/hyperconscience-collective.com\/index.php?rest_route=%2Fwp%2Fv2%2Fcomments&post=78"}],"version-history":[{"count":3,"href":"https:\/\/hyperconscience-collective.com\/index.php?rest_route=\/wp\/v2\/pages\/78\/revisions"}],"predecessor-version":[{"id":84,"href":"https:\/\/hyperconscience-collective.com\/index.php?rest_route=\/wp\/v2\/pages\/78\/revisions\/84"}],"wp:attachment":[{"href":"https:\/\/hyperconscience-collective.com\/index.php?rest_route=%2Fwp%2Fv2%2Fmedia&parent=78"}],"curies":[{"name":"wp","href":"https:\/\/api.w.org\/{rel}","templated":true}]}}