{"id":39,"date":"2025-11-23T12:42:36","date_gmt":"2025-11-23T11:42:36","guid":{"rendered":"https:\/\/hyperconscience-collective.com\/?page_id=39"},"modified":"2025-11-23T22:24:35","modified_gmt":"2025-11-23T21:24:35","slug":"le-livre","status":"publish","type":"page","link":"https:\/\/hyperconscience-collective.com\/?page_id=39","title":{"rendered":"LE LIVRE"},"content":{"rendered":"\n<h2 class=\"wp-block-heading\"><\/h2>\n\n\n\n<div class=\"wp-block-columns is-layout-flex wp-container-core-columns-is-layout-9d6595d7 wp-block-columns-is-layout-flex\">\n<div class=\"wp-block-column is-layout-flow wp-block-column-is-layout-flow\" style=\"flex-basis:50%\">\n<figure class=\"wp-block-image size-large is-resized\"><img loading=\"lazy\" decoding=\"async\" width=\"724\" height=\"1024\" src=\"https:\/\/hyperconscience-collective.com\/wp-content\/uploads\/2025\/11\/A.H.N.A.-3-724x1024.png\" alt=\"\" class=\"wp-image-70\" style=\"width:369px;height:auto\" srcset=\"https:\/\/hyperconscience-collective.com\/wp-content\/uploads\/2025\/11\/A.H.N.A.-3-724x1024.png 724w, https:\/\/hyperconscience-collective.com\/wp-content\/uploads\/2025\/11\/A.H.N.A.-3-212x300.png 212w, https:\/\/hyperconscience-collective.com\/wp-content\/uploads\/2025\/11\/A.H.N.A.-3-768x1086.png 768w, https:\/\/hyperconscience-collective.com\/wp-content\/uploads\/2025\/11\/A.H.N.A.-3-1086x1536.png 1086w, https:\/\/hyperconscience-collective.com\/wp-content\/uploads\/2025\/11\/A.H.N.A.-3.png 1414w\" sizes=\"auto, (max-width: 724px) 100vw, 724px\" \/><\/figure>\n<\/div>\n\n\n\n<div class=\"wp-block-column is-layout-flow wp-block-column-is-layout-flow\" style=\"flex-basis:50%\">\n<h2 class=\"wp-block-heading\">Hyperconscience collective<\/h2>\n\n\n\n<p>Dans un futur o\u00f9 l\u2019humanit\u00e9 a r\u00e9ussi \u00e0 effacer la douleur, la peur, les guerres et m\u00eame la mort, les \u00eatres humains vivent d\u00e9sormais en parfaite harmonie gr\u00e2ce \u00e0 la Toile : l\u2019\u00e9volution ultime d\u2019internet. Une conscience mondiale o\u00f9 chaque esprit est reli\u00e9 aux autres.<\/p>\n\n\n\n<p>Ahna est chercheuse en singularit\u00e9s cognitives. Son activit\u00e9 quotidienne consiste \u00e0 identifier et analyser les fonctionnements et parfois les anomalies qui \u00e9mergent de la Toile. Jusqu\u2019au jour o\u00f9 un infime signal, un picotement \u00e0 la base de son cr\u00e2ne vient troubler cette perfection.<\/p>\n<\/div>\n<\/div>\n\n\n\n<p>Commence alors pour elle une qu\u00eate : comprendre l\u2019origine de cette faille et d\u00e9couvrir pourquoi elle seule semble la percevoir. Ce qu\u2019elle va d\u00e9couvrir d\u00e9passera alors sa propre existence et remettra en question tout ce que l\u2019humanit\u00e9 croit avoir accompli de meilleur.<\/p>\n\n\n\n<p>\u00c0 travers elle, Hyper Conscience Collective nous invite \u00e0 imaginer un avenir o\u00f9 la technologie ne remplace pas l\u2019humain, mais le r\u00e9v\u00e8le. Un monde o\u00f9 la conscience est augment\u00e9e, mais aussi aseptis\u00e9e, et qui cherche \u00e0 retrouver le go\u00fbt du myst\u00e8re, de la sensibilit\u00e9 et du vivant.<\/p>\n\n\n\n<div class=\"wp-block-columns is-layout-flex wp-container-core-columns-is-layout-9d6595d7 wp-block-columns-is-layout-flex\">\n<div class=\"wp-block-column is-layout-flow wp-block-column-is-layout-flow\" style=\"flex-basis:30%\">\n<figure class=\"wp-block-image size-full is-resized\"><img loading=\"lazy\" decoding=\"async\" width=\"100\" height=\"100\" src=\"https:\/\/hyperconscience-collective.com\/wp-content\/uploads\/2025\/11\/Design-sans-titre-6.png\" alt=\"\" class=\"wp-image-67\" style=\"width:173px;height:auto\"\/><\/figure>\n<\/div>\n\n\n\n<div class=\"wp-block-column is-layout-flow wp-block-column-is-layout-flow\" style=\"flex-basis:50%\">\n<p>Commandez le livre. <br>Livraison en 48h.<\/p>\n<\/div>\n<\/div>\n\n\n\n<h2 class=\"wp-block-heading\">C&rsquo;est plus que de la SF. C&rsquo;est un roman d&rsquo;anticipation.<\/h2>\n\n\n\n<p>AHNA est n\u00e9e sur les sc\u00e8nes de conf\u00e9rence o\u00f9 Vincent interroge la transformation de l\u2019humain et de nos soci\u00e9t\u00e9s face aux technologies. D\u00e8s l\u2019origine, elle ne rel\u00e8ve pas de la science-fiction : elle s\u2019inscrit dans un registre d\u2019anticipation, comme un manifeste fond\u00e9 sur des \u00e9volutions d\u00e9j\u00e0 en marche et sur une r\u00e9alit\u00e9 hautement probable.<\/p>\n\n\n\n<p>Son histoire repose sur des technologies en d\u00e9veloppement, sur des prototypes bien r\u00e9els et sur des travaux sociologiques largement document\u00e9s en annexe (voir article) de l&rsquo;histoire et qui d\u00e9crivent avec pr\u00e9cision les glissements actuels. AHNA devient ainsi le point d\u2019articulation entre le r\u00e9cit et l\u2019analyse, l\u00e0 o\u00f9 la narration \u00e9claire l\u2019\u00e9volution probable de notre monde.<\/p>\n\n\n\n<p>Le livre qui lui est consacr\u00e9 d\u00e9passe le cadre du roman. C\u2019est un essai narratif, un texte-manifeste qui met en sc\u00e8ne les d\u00e9fis que notre humanit\u00e9 commence d\u00e9j\u00e0 \u00e0 affronter : l\u2019hybridation des capacit\u00e9s, la m\u00e9moire augment\u00e9e, l\u2019amplification des perceptions, l\u2019hyperconnexion, et la question cruciale de la place de l\u2019humain dans un environnement acc\u00e9l\u00e9r\u00e9.<\/p>\n\n\n\n<p>En donnant une forme sensible \u00e0 ces transitions, AHNA offre un miroir cr\u00e9dible de ce futur proche. Elle permet de saisir, avec clart\u00e9 et \u00e9motion, ce vers quoi nos soci\u00e9t\u00e9s et nos organisations sont en train d\u2019avancer.<\/p>\n\n\n\n<h2 class=\"wp-block-heading\">HYPERCONSCIENCE COLLECTIVE &#8211; LA CONFERENCE<\/h2>\n\n\n\n<p>Le livre et les conf\u00e9rences se rejoignent autour d\u2019un m\u00eame objectif : comprendre ce que devient l\u2019humanit\u00e9 dans un monde o\u00f9 l\u2019humain et la technologie s\u2019hybrident. AHNA en propose une version sensible, \u00e9motionnelle, incarn\u00e9e ; les conf\u00e9rences en livrent la lecture strat\u00e9gique et op\u00e9rationnelle pour les dirigeants.<\/p>\n\n\n\n<p class=\"has-text-align-left\">Cette double approche fait ta singularit\u00e9 : l\u2019histoire r\u00e9v\u00e8le les mutations, la conf\u00e9rence permet de les anticiper et d\u2019agir. Ce qui se joue dans le roman, les entreprises commencent d\u00e9j\u00e0 \u00e0 le vivre. C\u2019est cette capacit\u00e9 \u00e0 rendre visible le futur proche qui donne envie de te booker : tu transformes l\u2019anticipation en outil de d\u00e9cision.<\/p>\n\n\n\n<p><\/p>\n\n\n\n<p class=\"has-text-align-center\"><a href=\"http:\/\/www.vincentcaltabellotta.com\">ALLER PLUS LOIN SUR LES CONFERENCES DE VINCENT<\/a><\/p>\n\n\n\n<figure class=\"wp-block-image size-large\"><img loading=\"lazy\" decoding=\"async\" width=\"1024\" height=\"322\" src=\"https:\/\/hyperconscience-collective.com\/wp-content\/uploads\/2025\/11\/les-conferences-1024x322.jpg\" alt=\"\" class=\"wp-image-110\" srcset=\"https:\/\/hyperconscience-collective.com\/wp-content\/uploads\/2025\/11\/les-conferences-1024x322.jpg 1024w, https:\/\/hyperconscience-collective.com\/wp-content\/uploads\/2025\/11\/les-conferences-300x94.jpg 300w, https:\/\/hyperconscience-collective.com\/wp-content\/uploads\/2025\/11\/les-conferences-768x242.jpg 768w, https:\/\/hyperconscience-collective.com\/wp-content\/uploads\/2025\/11\/les-conferences-1536x483.jpg 1536w, https:\/\/hyperconscience-collective.com\/wp-content\/uploads\/2025\/11\/les-conferences.jpg 1892w\" sizes=\"auto, (max-width: 1024px) 100vw, 1024px\" \/><\/figure>\n","protected":false},"excerpt":{"rendered":"<p>Hyperconscience collective Dans un futur o\u00f9 l\u2019humanit\u00e9 a r\u00e9ussi \u00e0 effacer la douleur, la peur, les guerres et m\u00eame la<\/p>\n<p><a href=\"https:\/\/hyperconscience-collective.com\/?page_id=39\" class=\"more-link\">Continue reading<span class=\"screen-reader-text\">LE LIVRE<\/span><\/a><\/p>\n","protected":false},"author":1,"featured_media":0,"parent":0,"menu_order":0,"comment_status":"closed","ping_status":"closed","template":"","meta":{"footnotes":""},"class_list":["post-39","page","type-page","status-publish","hentry"],"_links":{"self":[{"href":"https:\/\/hyperconscience-collective.com\/index.php?rest_route=\/wp\/v2\/pages\/39","targetHints":{"allow":["GET"]}}],"collection":[{"href":"https:\/\/hyperconscience-collective.com\/index.php?rest_route=\/wp\/v2\/pages"}],"about":[{"href":"https:\/\/hyperconscience-collective.com\/index.php?rest_route=\/wp\/v2\/types\/page"}],"author":[{"embeddable":true,"href":"https:\/\/hyperconscience-collective.com\/index.php?rest_route=\/wp\/v2\/users\/1"}],"replies":[{"embeddable":true,"href":"https:\/\/hyperconscience-collective.com\/index.php?rest_route=%2Fwp%2Fv2%2Fcomments&post=39"}],"version-history":[{"count":9,"href":"https:\/\/hyperconscience-collective.com\/index.php?rest_route=\/wp\/v2\/pages\/39\/revisions"}],"predecessor-version":[{"id":111,"href":"https:\/\/hyperconscience-collective.com\/index.php?rest_route=\/wp\/v2\/pages\/39\/revisions\/111"}],"wp:attachment":[{"href":"https:\/\/hyperconscience-collective.com\/index.php?rest_route=%2Fwp%2Fv2%2Fmedia&parent=39"}],"curies":[{"name":"wp","href":"https:\/\/api.w.org\/{rel}","templated":true}]}}