{"id":37,"date":"2025-11-23T12:41:33","date_gmt":"2025-11-23T11:41:33","guid":{"rendered":"https:\/\/hyperconscience-collective.com\/?page_id=37"},"modified":"2025-12-19T08:47:09","modified_gmt":"2025-12-19T07:47:09","slug":"lalbum","status":"publish","type":"page","link":"https:\/\/hyperconscience-collective.com\/?page_id=37","title":{"rendered":"L&rsquo;ALBUM"},"content":{"rendered":"\n<h2 class=\"wp-block-heading\">Hyperconscience<\/h2>\n\n\n\n<p>Album concept d\u00e8s l\u2019origine, ce projet m\u00eale l\u2019organique et l\u2019\u00e9lectronique pour cr\u00e9er un voyage \u00e0 la fois int\u00e9rieur et tourn\u00e9 vers demain. Il puise dans des textures vivantes, des pulsations synth\u00e9tiques, des harmonies presque physiques qui installent un climat introspectif. Plus intime que le r\u00e9cit auquel il est li\u00e9, l\u2019album explore des zones \u00e9motionnelles que les mots effleurent sans pouvoir les saisir : la m\u00e9moire, la transformation, l\u2019\u00e9veil, l\u2019apr\u00e8s. Chaque morceau est pens\u00e9 comme une \u00e9tape, un passage d\u2019un \u00e9tat \u00e0 un autre, entre lumi\u00e8re et obscurit\u00e9, entre futur et profondeur humaine. Ce n\u2019est ni une bande-son ni un d\u00e9cor : c\u2019est un autre chemin pour entrer dans l\u2019univers d\u2019AHNA, par les sens, par la r\u00e9sonance, par l\u2019exp\u00e9rience.<\/p>\n\n\n\n<figure class=\"wp-block-gallery has-nested-images columns-default is-cropped wp-block-gallery-1 is-layout-flex wp-block-gallery-is-layout-flex\">\n<figure class=\"wp-block-image size-full is-style-default\"><img loading=\"lazy\" decoding=\"async\" width=\"2048\" height=\"2048\" data-id=\"35\" src=\"https:\/\/hyperconscience-collective.com\/wp-content\/uploads\/2025\/11\/POCHETTE-HYPERCONSCIENCE-FINALE-pour-reseaux-sociaux.jpg\" alt=\"\" class=\"wp-image-35\" srcset=\"https:\/\/hyperconscience-collective.com\/wp-content\/uploads\/2025\/11\/POCHETTE-HYPERCONSCIENCE-FINALE-pour-reseaux-sociaux.jpg 2048w, https:\/\/hyperconscience-collective.com\/wp-content\/uploads\/2025\/11\/POCHETTE-HYPERCONSCIENCE-FINALE-pour-reseaux-sociaux-300x300.jpg 300w, https:\/\/hyperconscience-collective.com\/wp-content\/uploads\/2025\/11\/POCHETTE-HYPERCONSCIENCE-FINALE-pour-reseaux-sociaux-1024x1024.jpg 1024w, https:\/\/hyperconscience-collective.com\/wp-content\/uploads\/2025\/11\/POCHETTE-HYPERCONSCIENCE-FINALE-pour-reseaux-sociaux-150x150.jpg 150w, https:\/\/hyperconscience-collective.com\/wp-content\/uploads\/2025\/11\/POCHETTE-HYPERCONSCIENCE-FINALE-pour-reseaux-sociaux-768x768.jpg 768w, https:\/\/hyperconscience-collective.com\/wp-content\/uploads\/2025\/11\/POCHETTE-HYPERCONSCIENCE-FINALE-pour-reseaux-sociaux-1536x1536.jpg 1536w, https:\/\/hyperconscience-collective.com\/wp-content\/uploads\/2025\/11\/POCHETTE-HYPERCONSCIENCE-FINALE-pour-reseaux-sociaux-666x666.jpg 666w\" sizes=\"auto, (max-width: 2048px) 100vw, 2048px\" \/><\/figure>\n<\/figure>\n\n\n\n<h2 class=\"wp-block-heading\">ECOUTEZ L&rsquo;ALBUM<\/h2>\n\n\n\n<pre class=\"wp-block-code\"><code><\/code><\/pre>\n\n\n\n<div class=\"player-wrapper\">\n    <iframe loading=\"lazy\" \n        src=\"https:\/\/go.protonradio.com\/r\/rlzNHuCnZp-Bo?embed=1&#038;hidesignin=1\"\n        width=\"100%\"\n        height=\"650\"\n        frameborder=\"0\"\n        scrolling=\"no\"\n        style=\"border:0; overflow:hidden; border-radius:12px;\">\n    <\/iframe>\n<\/div>\n\n\n\n<p>Apportez votre soutient au projet en achetant l&rsquo;album sur <a href=\"https:\/\/vincentoleg.bandcamp.com\/\">bandcamp<\/a>. T\u00e9l\u00e9chargez les mp3 sur votre t\u00e9l\u00e9phone ou ordinateur<\/p>\n\n\n\n<p><\/p>\n","protected":false},"excerpt":{"rendered":"<p>Hyperconscience Album concept d\u00e8s l\u2019origine, ce projet m\u00eale l\u2019organique et l\u2019\u00e9lectronique pour cr\u00e9er un voyage \u00e0 la fois int\u00e9rieur et<\/p>\n<p><a href=\"https:\/\/hyperconscience-collective.com\/?page_id=37\" class=\"more-link\">Continue reading<span class=\"screen-reader-text\">L&rsquo;ALBUM<\/span><\/a><\/p>\n","protected":false},"author":1,"featured_media":0,"parent":0,"menu_order":0,"comment_status":"closed","ping_status":"closed","template":"","meta":{"footnotes":""},"class_list":["post-37","page","type-page","status-publish","hentry"],"_links":{"self":[{"href":"https:\/\/hyperconscience-collective.com\/index.php?rest_route=\/wp\/v2\/pages\/37","targetHints":{"allow":["GET"]}}],"collection":[{"href":"https:\/\/hyperconscience-collective.com\/index.php?rest_route=\/wp\/v2\/pages"}],"about":[{"href":"https:\/\/hyperconscience-collective.com\/index.php?rest_route=\/wp\/v2\/types\/page"}],"author":[{"embeddable":true,"href":"https:\/\/hyperconscience-collective.com\/index.php?rest_route=\/wp\/v2\/users\/1"}],"replies":[{"embeddable":true,"href":"https:\/\/hyperconscience-collective.com\/index.php?rest_route=%2Fwp%2Fv2%2Fcomments&post=37"}],"version-history":[{"count":8,"href":"https:\/\/hyperconscience-collective.com\/index.php?rest_route=\/wp\/v2\/pages\/37\/revisions"}],"predecessor-version":[{"id":266,"href":"https:\/\/hyperconscience-collective.com\/index.php?rest_route=\/wp\/v2\/pages\/37\/revisions\/266"}],"wp:attachment":[{"href":"https:\/\/hyperconscience-collective.com\/index.php?rest_route=%2Fwp%2Fv2%2Fmedia&parent=37"}],"curies":[{"name":"wp","href":"https:\/\/api.w.org\/{rel}","templated":true}]}}