{"id":2,"date":"2025-11-22T23:09:51","date_gmt":"2025-11-22T22:09:51","guid":{"rendered":"https:\/\/hyperconscience-collective.com\/?page_id=2"},"modified":"2025-11-24T00:03:55","modified_gmt":"2025-11-23T23:03:55","slug":"artwork","status":"publish","type":"page","link":"https:\/\/hyperconscience-collective.com\/?page_id=2","title":{"rendered":"ARTWORK &amp; STUDIO"},"content":{"rendered":"\n<h2 class=\"wp-block-heading\">Histoire de la couverture<\/h2>\n\n\n\n<div class=\"wp-block-columns is-layout-flex wp-container-core-columns-is-layout-9d6595d7 wp-block-columns-is-layout-flex\">\n<div class=\"wp-block-column is-layout-flow wp-block-column-is-layout-flow\" style=\"flex-basis:50%\">\n<figure class=\"wp-block-image size-large\"><img loading=\"lazy\" decoding=\"async\" width=\"1024\" height=\"1024\" src=\"https:\/\/hyperconscience-collective.com\/wp-content\/uploads\/2025\/11\/POCHETTE-HYPERCONSCIENCE-FINALE-pour-reseaux-sociaux-1024x1024.jpg\" alt=\"\" class=\"wp-image-35\" srcset=\"https:\/\/hyperconscience-collective.com\/wp-content\/uploads\/2025\/11\/POCHETTE-HYPERCONSCIENCE-FINALE-pour-reseaux-sociaux-1024x1024.jpg 1024w, https:\/\/hyperconscience-collective.com\/wp-content\/uploads\/2025\/11\/POCHETTE-HYPERCONSCIENCE-FINALE-pour-reseaux-sociaux-300x300.jpg 300w, https:\/\/hyperconscience-collective.com\/wp-content\/uploads\/2025\/11\/POCHETTE-HYPERCONSCIENCE-FINALE-pour-reseaux-sociaux-150x150.jpg 150w, https:\/\/hyperconscience-collective.com\/wp-content\/uploads\/2025\/11\/POCHETTE-HYPERCONSCIENCE-FINALE-pour-reseaux-sociaux-768x768.jpg 768w, https:\/\/hyperconscience-collective.com\/wp-content\/uploads\/2025\/11\/POCHETTE-HYPERCONSCIENCE-FINALE-pour-reseaux-sociaux-1536x1536.jpg 1536w, https:\/\/hyperconscience-collective.com\/wp-content\/uploads\/2025\/11\/POCHETTE-HYPERCONSCIENCE-FINALE-pour-reseaux-sociaux-666x666.jpg 666w, https:\/\/hyperconscience-collective.com\/wp-content\/uploads\/2025\/11\/POCHETTE-HYPERCONSCIENCE-FINALE-pour-reseaux-sociaux.jpg 2048w\" sizes=\"auto, (max-width: 1024px) 100vw, 1024px\" \/><\/figure>\n<\/div>\n\n\n\n<div class=\"wp-block-column is-layout-flow wp-block-column-is-layout-flow\" style=\"flex-basis:50%\">\n<figure class=\"wp-block-image size-large is-resized\"><img loading=\"lazy\" decoding=\"async\" width=\"724\" height=\"1024\" src=\"https:\/\/hyperconscience-collective.com\/wp-content\/uploads\/2025\/11\/A.H.N.A.-3-724x1024.png\" alt=\"\" class=\"wp-image-70\" style=\"width:299px;height:auto\" srcset=\"https:\/\/hyperconscience-collective.com\/wp-content\/uploads\/2025\/11\/A.H.N.A.-3-724x1024.png 724w, https:\/\/hyperconscience-collective.com\/wp-content\/uploads\/2025\/11\/A.H.N.A.-3-212x300.png 212w, https:\/\/hyperconscience-collective.com\/wp-content\/uploads\/2025\/11\/A.H.N.A.-3-768x1086.png 768w, https:\/\/hyperconscience-collective.com\/wp-content\/uploads\/2025\/11\/A.H.N.A.-3-1086x1536.png 1086w, https:\/\/hyperconscience-collective.com\/wp-content\/uploads\/2025\/11\/A.H.N.A.-3.png 1414w\" sizes=\"auto, (max-width: 724px) 100vw, 724px\" \/><\/figure>\n<\/div>\n<\/div>\n\n\n\n<p>Les couvertures ont suivi le m\u00eame processus de cr\u00e9ation que l&rsquo;album et l&rsquo;histoire d&rsquo;AHNA. Un mix entre ce qu&rsquo;il y a de plus organique et humain et l&rsquo;hyper-technologie. <br><br>La sph\u00e8re est inspir\u00e9e d&rsquo;une cr\u00e9ation artistique de Christel Aries. Sph\u00e8re en c\u00e9ramique et crins de cheval de 20 cm de diam\u00e8tre. L&rsquo;\u0153uvre a \u00e9t\u00e9 modifi\u00e9e par intelligence artificielle afin de cr\u00e9er l&rsquo;aspect d&rsquo;une cellule hybride. <\/p>\n\n\n\n<figure class=\"wp-block-image size-large\"><img loading=\"lazy\" decoding=\"async\" width=\"1024\" height=\"413\" src=\"https:\/\/hyperconscience-collective.com\/wp-content\/uploads\/2025\/11\/les-cellules-1024x413.jpg\" alt=\"\" class=\"wp-image-91\" srcset=\"https:\/\/hyperconscience-collective.com\/wp-content\/uploads\/2025\/11\/les-cellules-1024x413.jpg 1024w, https:\/\/hyperconscience-collective.com\/wp-content\/uploads\/2025\/11\/les-cellules-300x121.jpg 300w, https:\/\/hyperconscience-collective.com\/wp-content\/uploads\/2025\/11\/les-cellules-768x310.jpg 768w, https:\/\/hyperconscience-collective.com\/wp-content\/uploads\/2025\/11\/les-cellules.jpg 1118w\" sizes=\"auto, (max-width: 1024px) 100vw, 1024px\" \/><\/figure>\n\n\n\n<p>AHNA a \u00e9t\u00e9 cr\u00e9\u00e9 \u00e0 partir de plusieurs intelligences artificielles. Cr\u00e9ation d&rsquo;une personnalit\u00e9, d&rsquo;une posture, d&rsquo;une tenue vestimentaire, puis IA sp\u00e9cialis\u00e9e dans le vieillissement afin d&rsquo;atteindre l&rsquo;\u00e2ge voulu. <\/p>\n\n\n\n<p>Le reste de l&rsquo;artwork sera au service de votre imaginaire. <\/p>\n\n\n\n<h2 class=\"wp-block-heading\">LA GENESE DU LIVRE<\/h2>\n\n\n\n<p>\u00ab\u00a0J&rsquo;aime \u00e9crire et ce livre m&rsquo;a permis d&rsquo;\u00e9crire ce que je ne peux dire dans mes conf\u00e9rences\u00a0\u00bb.<br>Parler de la post-humanit\u00e9 est un challenge tellement il est difficile de pr\u00e9dire l&rsquo;avenir. Hyperconscience collective est n\u00e9 d&rsquo;un travail de recherche sur les potentiels possible de notre avenir. Au-del\u00e0 de l&rsquo;essai, Vincent voulait \u00e9crire un livre diff\u00e9rent des pr\u00e9c\u00e9dents. Moins institutionnel, moins technique et plus vivant afin que chacun puisse s&rsquo;imaginer concr\u00e8tement l&rsquo;avenir. Ainsi est n\u00e9e l&rsquo;id\u00e9e d&rsquo;un personnage central, repr\u00e9sentant de cette humanit\u00e9 du futur. Vincent a souhait\u00e9 que cela soit une femme, symbole de la (re)naissance de l&rsquo;humain hybride. <\/p>\n\n\n\n<h2 class=\"wp-block-heading\">LE LABEL &#8211; OBLIQU3<\/h2>\n\n\n\n<p>Hyperconscience est produit par Obliqu3, sous division alternative du mythique label Brique Rouge, fond\u00e9 par David Duriez. Il laisse libre court aux cr\u00e9ation artistiques sans fronti\u00e8res. Vous pouvez d\u00e9couvrir tous les artistes et productions du label <a href=\"https:\/\/obliqu3.bandcamp.com\/\" data-type=\"link\" data-id=\"https:\/\/obliqu3.bandcamp.com\/\">sur bandcamp<\/a><\/p>\n\n\n\n<figure class=\"wp-block-image size-full\"><img loading=\"lazy\" decoding=\"async\" width=\"971\" height=\"174\" src=\"https:\/\/hyperconscience-collective.com\/wp-content\/uploads\/2025\/11\/banniere-obliqu3.jpg\" alt=\"\" class=\"wp-image-146\" srcset=\"https:\/\/hyperconscience-collective.com\/wp-content\/uploads\/2025\/11\/banniere-obliqu3.jpg 971w, https:\/\/hyperconscience-collective.com\/wp-content\/uploads\/2025\/11\/banniere-obliqu3-300x54.jpg 300w, https:\/\/hyperconscience-collective.com\/wp-content\/uploads\/2025\/11\/banniere-obliqu3-768x138.jpg 768w\" sizes=\"auto, (max-width: 971px) 100vw, 971px\" \/><\/figure>\n\n\n\n<h2 class=\"wp-block-heading\">LE TRAVAIL DE STUDIO<\/h2>\n\n\n\n<p><strong>LE TRAVAIL DE STUDIO : une cr\u00e9ation organique, hybride et profond\u00e9ment artisanale<\/strong><\/p>\n\n\n\n<p>Tout l\u2019album a \u00e9t\u00e9 con\u00e7u et fa\u00e7onn\u00e9 par Vincent dans son studio personnel, dans une d\u00e9marche enti\u00e8rement artisanale. La base sonore repose sur des synth\u00e9tiseurs analogiques, choisis pour leur grain vivant et leur capacit\u00e9 \u00e0 transmettre quelque chose de profond\u00e9ment humain. La voix joue un r\u00f4le central : la sienne, souvent utilis\u00e9e comme mati\u00e8re premi\u00e8re, d\u00e9form\u00e9e, vocod\u00e9e, fragment\u00e9e ou \u00e9tir\u00e9e pour cr\u00e9er des textures hybrides entre souffle, machine et conscience augment\u00e9e. Vincent a \u00e9galement int\u00e9gr\u00e9 des extraits de l&rsquo;une de ces conf\u00e9rence enregistr\u00e9e en 2017, dans laquelle il abordait pour la premi\u00e8re fois le concept d&rsquo;hyperconscience. <\/p>\n\n\n\n<p>Les sons d\u2019ambiance proviennent majoritairement des bords de Loire, enregistr\u00e9s sur le terrain, parfois retravaill\u00e9s jusqu\u2019\u00e0 devenir m\u00e9connaissables. D\u2019autres ambiances ont \u00e9t\u00e9 g\u00e9n\u00e9r\u00e9es \u00e0 partir de la voix elle-m\u00eame, tritur\u00e9e pour former des sons aux couleurs \u00ab organico-synth\u00e9tique \u00bb propre \u00e0 l\u2019album, comme les oiseaux dans morceau \u00ab\u00a0deepest\u00a0\u00bb. \u00c0 cela s\u2019ajoutent des synth\u00e9s modernes, hardware comme logiciels, utilis\u00e9s pour la recherche sonore et le sound design avanc\u00e9.<\/p>\n\n\n\n<figure class=\"wp-block-image size-large\"><img loading=\"lazy\" decoding=\"async\" width=\"1024\" height=\"427\" src=\"https:\/\/hyperconscience-collective.com\/wp-content\/uploads\/2025\/11\/STUIO-GRAIN-PHOTO-1024x427.jpg\" alt=\"\" class=\"wp-image-112\" srcset=\"https:\/\/hyperconscience-collective.com\/wp-content\/uploads\/2025\/11\/STUIO-GRAIN-PHOTO-1024x427.jpg 1024w, https:\/\/hyperconscience-collective.com\/wp-content\/uploads\/2025\/11\/STUIO-GRAIN-PHOTO-300x125.jpg 300w, https:\/\/hyperconscience-collective.com\/wp-content\/uploads\/2025\/11\/STUIO-GRAIN-PHOTO-768x320.jpg 768w, https:\/\/hyperconscience-collective.com\/wp-content\/uploads\/2025\/11\/STUIO-GRAIN-PHOTO.jpg 1200w\" sizes=\"auto, (max-width: 1024px) 100vw, 1024px\" \/><\/figure>\n\n\n\n<p><strong>LE MASTERING<\/strong> a \u00e9t\u00e9 r\u00e9alis\u00e9 au studio de l\u2019\u00cele d\u2019Amour, \u00e0 \u00c9couflant (49 &#8211; France). Il a suivi la m\u00eame philosophie d\u2019hybridation : un premier travail 100% analogique r\u00e9alis\u00e9 par un ing\u00e9nieur sp\u00e9cialis\u00e9, puis un second mastering num\u00e9rique confi\u00e9 \u00e0 un autre ing\u00e9nieur pour atteindre un \u00e9quilibre subtil entre chaleur analogique et pr\u00e9cision digitale (voir cr\u00e9dits).<\/p>\n","protected":false},"excerpt":{"rendered":"<p>Histoire de la couverture Les couvertures ont suivi le m\u00eame processus de cr\u00e9ation que l&rsquo;album et l&rsquo;histoire d&rsquo;AHNA. Un mix<\/p>\n<p><a href=\"https:\/\/hyperconscience-collective.com\/?page_id=2\" class=\"more-link\">Continue reading<span class=\"screen-reader-text\">ARTWORK &amp; STUDIO<\/span><\/a><\/p>\n","protected":false},"author":1,"featured_media":0,"parent":0,"menu_order":0,"comment_status":"closed","ping_status":"closed","template":"","meta":{"footnotes":""},"class_list":["post-2","page","type-page","status-publish","hentry"],"_links":{"self":[{"href":"https:\/\/hyperconscience-collective.com\/index.php?rest_route=\/wp\/v2\/pages\/2","targetHints":{"allow":["GET"]}}],"collection":[{"href":"https:\/\/hyperconscience-collective.com\/index.php?rest_route=\/wp\/v2\/pages"}],"about":[{"href":"https:\/\/hyperconscience-collective.com\/index.php?rest_route=\/wp\/v2\/types\/page"}],"author":[{"embeddable":true,"href":"https:\/\/hyperconscience-collective.com\/index.php?rest_route=\/wp\/v2\/users\/1"}],"replies":[{"embeddable":true,"href":"https:\/\/hyperconscience-collective.com\/index.php?rest_route=%2Fwp%2Fv2%2Fcomments&post=2"}],"version-history":[{"count":23,"href":"https:\/\/hyperconscience-collective.com\/index.php?rest_route=\/wp\/v2\/pages\/2\/revisions"}],"predecessor-version":[{"id":147,"href":"https:\/\/hyperconscience-collective.com\/index.php?rest_route=\/wp\/v2\/pages\/2\/revisions\/147"}],"wp:attachment":[{"href":"https:\/\/hyperconscience-collective.com\/index.php?rest_route=%2Fwp%2Fv2%2Fmedia&parent=2"}],"curies":[{"name":"wp","href":"https:\/\/api.w.org\/{rel}","templated":true}]}}